{"id":412,"date":"2025-06-05T16:11:49","date_gmt":"2025-06-05T16:11:49","guid":{"rendered":"https:\/\/www.purawatertech.com\/faq\/"},"modified":"2025-09-23T16:41:44","modified_gmt":"2025-09-23T16:41:44","slug":"faq","status":"publish","type":"page","link":"https:\/\/www.purawatertech.com\/en\/faq\/","title":{"rendered":"FAQ"},"content":{"rendered":"<p>[et_pb_section fb_built=&#8221;1&#8243; custom_padding_last_edited=&#8221;on|phone&#8221; _builder_version=&#8221;4.27.4&#8243; _module_preset=&#8221;default&#8221; background_color=&#8221;RGBA(255,255,255,0)&#8221; use_background_color_gradient=&#8221;on&#8221; background_color_gradient_stops=&#8221;#08354c 0%|rgba(10,39,46,0) 43%&#8221; background_color_gradient_overlays_image=&#8221;on&#8221; background_image=&#8221;https:\/\/purawatertech.com\/wp-content\/uploads\/2025\/05\/pexels-photo-1582619.jpeg&#8221; background_position=&#8221;bottom_left&#8221; background_horizontal_offset=&#8221;-2%&#8221; background_vertical_offset=&#8221;40%&#8221; custom_margin=&#8221;||||false|false&#8221; custom_padding=&#8221;25vh||40vh||false|false&#8221; custom_padding_tablet=&#8221;25vh||40vh||false|false&#8221; custom_padding_phone=&#8221;5vh||40vh||false|false&#8221; bottom_divider_style=&#8221;wave&#8221; bottom_divider_color=&#8221;#FFFFFF&#8221; bottom_divider_repeat=&#8221;2x&#8221; bottom_divider_height_tablet=&#8221;&#8221; bottom_divider_height_phone=&#8221;70px&#8221; bottom_divider_height_last_edited=&#8221;on|phone&#8221; bottom_divider_repeat_tablet=&#8221;2x&#8221; bottom_divider_repeat_phone=&#8221;1x&#8221; bottom_divider_repeat_last_edited=&#8221;on|phone&#8221; background_last_edited=&#8221;on|phone&#8221; background_horizontal_offset_phone=&#8221;0%&#8221; global_colors_info=&#8221;{}&#8221;][\/et_pb_section][et_pb_section fb_built=&#8221;1&#8243; _builder_version=&#8221;4.27.4&#8243; _module_preset=&#8221;default&#8221; custom_margin=&#8221;0px||||false|false&#8221; custom_padding=&#8221;10px||||false|false&#8221; global_colors_info=&#8221;{}&#8221;][et_pb_row _builder_version=&#8221;4.27.4&#8243; _module_preset=&#8221;default&#8221; global_colors_info=&#8221;{}&#8221;][et_pb_column type=&#8221;4_4&#8243; _builder_version=&#8221;4.27.4&#8243; _module_preset=&#8221;default&#8221; global_colors_info=&#8221;{}&#8221;][et_pb_heading title=&#8221;Frequently Asked Questions&#8221; _builder_version=&#8221;4.27.4&#8243; _module_preset=&#8221;default&#8221; title_font_size_tablet=&#8221;&#8221; title_font_size_phone=&#8221;32px&#8221; title_font_size_last_edited=&#8221;on|phone&#8221; global_colors_info=&#8221;{}&#8221;][\/et_pb_heading][et_pb_toggle title=&#8221;Can the pool be covered?&#8221; open=&#8221;on&#8221; open_toggle_text_color=&#8221;#1C234B&#8221; open_toggle_background_color=&#8221;#ffffff&#8221; closed_toggle_background_color=&#8221;#f7f7f7&#8243; icon_color=&#8221;#1C234B&#8221; toggle_icon=&#8221;&#x33;||divi||400&#8243; use_icon_font_size=&#8221;on&#8221; icon_font_size=&#8221;18px&#8221; open_icon_color=&#8221;#1C234B&#8221; open_toggle_icon=&#8221;&#x32;||divi||400&#8243; open_use_icon_font_size=&#8221;on&#8221; open_icon_font_size=&#8221;18px&#8221; _builder_version=&#8221;4.27.4&#8243; _module_preset=&#8221;default&#8221; title_text_color=&#8221;#1C234B&#8221; title_font=&#8221;|700|||||||&#8221; title_font_size=&#8221;18px&#8221; custom_margin=&#8221;||5px||false|false&#8221; title_font_size_tablet=&#8221;18px&#8221; title_font_size_phone=&#8221;16px&#8221; title_font_size_last_edited=&#8221;on|phone&#8221; global_colors_info=&#8221;{}&#8221;]<\/p>\n<p><span style=\"font-weight: 400;\">Yes, preferably in such a way that the cover does not touch the water surface, as the surface water entry into the skimmers must be continuous. This water circulation operates 24 hours a day.<\/span><\/p>\n<p>[\/et_pb_toggle][et_pb_toggle title=&#8221;Can the pool be heated?&#8221; open_toggle_text_color=&#8221;#1C234B&#8221; open_toggle_background_color=&#8221;#ffffff&#8221; closed_toggle_background_color=&#8221;#f7f7f7&#8243; icon_color=&#8221;#1C234B&#8221; toggle_icon=&#8221;&#x33;||divi||400&#8243; use_icon_font_size=&#8221;on&#8221; icon_font_size=&#8221;18px&#8221; open_icon_color=&#8221;#1C234B&#8221; open_toggle_icon=&#8221;&#x32;||divi||400&#8243; open_use_icon_font_size=&#8221;on&#8221; open_icon_font_size=&#8221;18px&#8221; _builder_version=&#8221;4.27.4&#8243; _module_preset=&#8221;default&#8221; title_text_color=&#8221;#1C234B&#8221; title_font=&#8221;|700|||||||&#8221; title_font_size=&#8221;18px&#8221; custom_margin=&#8221;||5px||false|false&#8221; title_font_size_tablet=&#8221;18px&#8221; title_font_size_phone=&#8221;16px&#8221; title_font_size_last_edited=&#8221;on|phone&#8221; global_colors_info=&#8221;{}&#8221;]<\/p>\n<p><span style=\"font-weight: 400;\">Yes, but the maximum temperature should not exceed 28\u00baC.<br \/><\/span><\/p>\n<p>[\/et_pb_toggle][et_pb_toggle title=&#8221;How much does the PURA system cost compared to a traditional system?&#8221; open_toggle_text_color=&#8221;#1C234B&#8221; open_toggle_background_color=&#8221;#ffffff&#8221; closed_toggle_background_color=&#8221;#f7f7f7&#8243; icon_color=&#8221;#1C234B&#8221; toggle_icon=&#8221;&#x33;||divi||400&#8243; use_icon_font_size=&#8221;on&#8221; icon_font_size=&#8221;18px&#8221; open_icon_color=&#8221;#1C234B&#8221; open_toggle_icon=&#8221;&#x32;||divi||400&#8243; open_use_icon_font_size=&#8221;on&#8221; open_icon_font_size=&#8221;18px&#8221; _builder_version=&#8221;4.27.4&#8243; _module_preset=&#8221;default&#8221; title_text_color=&#8221;#1C234B&#8221; title_font=&#8221;|700|||||||&#8221; title_font_size=&#8221;18px&#8221; custom_margin=&#8221;||5px||false|false&#8221; hover_enabled=&#8221;0&#8243; title_font_size_tablet=&#8221;18px&#8221; title_font_size_phone=&#8221;16px&#8221; title_font_size_last_edited=&#8221;on|phone&#8221; title_line_height_tablet=&#8221;&#8221; title_line_height_phone=&#8221;1.2em&#8221; title_line_height_last_edited=&#8221;on|phone&#8221; global_colors_info=&#8221;{}&#8221; sticky_enabled=&#8221;0&#8243;]The installation cost is roughly almost double that of a traditional system, but after about 3 years it reaches break-even, meaning that due to its lower operating costs, the acquisition costs equalize over time. From that point on, its operation will be more economical.[\/et_pb_toggle][et_pb_toggle title=&#8221; Does the PURA system require more maintenance than a traditional system?&#8221; open_toggle_text_color=&#8221;#1C234B&#8221; open_toggle_background_color=&#8221;#ffffff&#8221; closed_toggle_background_color=&#8221;#f7f7f7&#8243; icon_color=&#8221;#1C234B&#8221; toggle_icon=&#8221;&#x33;||divi||400&#8243; use_icon_font_size=&#8221;on&#8221; icon_font_size=&#8221;18px&#8221; open_icon_color=&#8221;#1C234B&#8221; open_toggle_icon=&#8221;&#x32;||divi||400&#8243; open_use_icon_font_size=&#8221;on&#8221; open_icon_font_size=&#8221;18px&#8221; _builder_version=&#8221;4.27.4&#8243; _module_preset=&#8221;default&#8221; title_text_color=&#8221;#1C234B&#8221; title_font=&#8221;|700|||||||&#8221; title_font_size=&#8221;18px&#8221; custom_margin=&#8221;||5px||false|false&#8221; title_font_size_tablet=&#8221;18px&#8221; title_font_size_phone=&#8221;16px&#8221; title_font_size_last_edited=&#8221;on|phone&#8221; title_line_height_tablet=&#8221;&#8221; title_line_height_phone=&#8221;1.2em&#8221; title_line_height_last_edited=&#8221;on|phone&#8221; global_colors_info=&#8221;{}&#8221;]<\/p>\n<p><span style=\"font-weight: 400;\">No, regular cleaning should be performed just like with a traditional system. During the summer, the pool should be cleaned regularly, preferably with a cleaning robot every other day.<\/span><\/p>\n<p><span style=\"font-weight: 400;\">The backwash or back-flushing of the system should be performed once before the summer and once after.<\/span><\/p>\n<p>[\/et_pb_toggle][et_pb_toggle title=&#8221;Can the customer do the maintenance?&#8221; open_toggle_text_color=&#8221;#1C234B&#8221; open_toggle_background_color=&#8221;#ffffff&#8221; closed_toggle_background_color=&#8221;#f7f7f7&#8243; icon_color=&#8221;#1C234B&#8221; toggle_icon=&#8221;&#x33;||divi||400&#8243; use_icon_font_size=&#8221;on&#8221; icon_font_size=&#8221;18px&#8221; open_icon_color=&#8221;#1C234B&#8221; open_toggle_icon=&#8221;&#x32;||divi||400&#8243; open_use_icon_font_size=&#8221;on&#8221; open_icon_font_size=&#8221;18px&#8221; _builder_version=&#8221;4.27.4&#8243; _module_preset=&#8221;default&#8221; title_text_color=&#8221;#1C234B&#8221; title_font=&#8221;|700|||||||&#8221; title_font_size=&#8221;18px&#8221; custom_margin=&#8221;||5px||false|false&#8221; title_font_size_tablet=&#8221;18px&#8221; title_font_size_phone=&#8221;16px&#8221; title_font_size_last_edited=&#8221;on|phone&#8221; title_line_height_tablet=&#8221;&#8221; title_line_height_phone=&#8221;1.2em&#8221; title_line_height_last_edited=&#8221;on|phone&#8221; global_colors_info=&#8221;{}&#8221;]<\/p>\n<p><span style=\"font-weight: 400;\">Yes, you can. For any questions, you can consult the instruction manual or contact technical support.<\/span><\/p>\n<p>[\/et_pb_toggle][et_pb_toggle title=&#8221;De quanto em quanto tempo, \u00e9 preciso fazer manuten\u00e7\u00f5es?&#8221; open_toggle_text_color=&#8221;#1C234B&#8221; open_toggle_background_color=&#8221;#ffffff&#8221; closed_toggle_background_color=&#8221;#f7f7f7&#8243; icon_color=&#8221;#1C234B&#8221; toggle_icon=&#8221;&#x33;||divi||400&#8243; use_icon_font_size=&#8221;on&#8221; icon_font_size=&#8221;18px&#8221; open_icon_color=&#8221;#1C234B&#8221; open_toggle_icon=&#8221;&#x32;||divi||400&#8243; open_use_icon_font_size=&#8221;on&#8221; open_icon_font_size=&#8221;18px&#8221; _builder_version=&#8221;4.27.4&#8243; _module_preset=&#8221;default&#8221; title_text_color=&#8221;#1C234B&#8221; title_font=&#8221;|700|||||||&#8221; title_font_size=&#8221;18px&#8221; custom_margin=&#8221;||5px||false|false&#8221; title_font_size_tablet=&#8221;18px&#8221; title_font_size_phone=&#8221;16px&#8221; title_font_size_last_edited=&#8221;on|phone&#8221; title_line_height_tablet=&#8221;&#8221; title_line_height_phone=&#8221;1.2em&#8221; title_line_height_last_edited=&#8221;on|phone&#8221; global_colors_info=&#8221;{}&#8221;]<\/p>\n<p><span style=\"font-weight: 400;\">Just like with any traditional pool, you should avoid organic matter from entering the pool water. Taking a shower in the outdoor shower before entering is beneficial. <\/span><\/p>\n<p><span style=\"font-weight: 400;\">Be alert to changes in water color when unexpected organic inputs occur, such as urine, ashes, or detergents. If necessary, perform a backwash of the system.<\/span><\/p>\n<p>[\/et_pb_toggle][et_pb_toggle title=&#8221;What precautions should be taken when using a PURA pool?&#8221; open_toggle_text_color=&#8221;#1C234B&#8221; open_toggle_background_color=&#8221;#ffffff&#8221; closed_toggle_background_color=&#8221;#f7f7f7&#8243; icon_color=&#8221;#1C234B&#8221; toggle_icon=&#8221;&#x33;||divi||400&#8243; use_icon_font_size=&#8221;on&#8221; icon_font_size=&#8221;18px&#8221; open_icon_color=&#8221;#1C234B&#8221; open_toggle_icon=&#8221;&#x32;||divi||400&#8243; open_use_icon_font_size=&#8221;on&#8221; open_icon_font_size=&#8221;18px&#8221; _builder_version=&#8221;4.27.4&#8243; _module_preset=&#8221;default&#8221; title_text_color=&#8221;#1C234B&#8221; title_font=&#8221;|700|||||||&#8221; title_font_size=&#8221;18px&#8221; custom_margin=&#8221;||5px||false|false&#8221; title_font_size_tablet=&#8221;18px&#8221; title_font_size_phone=&#8221;16px&#8221; title_font_size_last_edited=&#8221;on|phone&#8221; title_line_height_tablet=&#8221;&#8221; title_line_height_phone=&#8221;1.2em&#8221; title_line_height_last_edited=&#8221;on|phone&#8221; global_colors_info=&#8221;{}&#8221;]<\/p>\n<p><span style=\"font-weight: 400;\">Just like with any traditional pool, you should avoid organic matter from entering the pool water. Taking a shower in the outdoor shower before entering is beneficial. <\/span><\/p>\n<p><span style=\"font-weight: 400;\">Be alert to changes in water color when unexpected organic inputs occur, such as urine, ashes, or detergents. If necessary, perform a backwash of the system.<\/span><\/p>\n<p>[\/et_pb_toggle][et_pb_toggle title=&#8221;Do the PURA system pumps make noise?&#8221; open_toggle_text_color=&#8221;#1C234B&#8221; open_toggle_background_color=&#8221;#ffffff&#8221; closed_toggle_background_color=&#8221;#f7f7f7&#8243; icon_color=&#8221;#1C234B&#8221; toggle_icon=&#8221;&#x33;||divi||400&#8243; use_icon_font_size=&#8221;on&#8221; icon_font_size=&#8221;18px&#8221; open_icon_color=&#8221;#1C234B&#8221; open_toggle_icon=&#8221;&#x32;||divi||400&#8243; open_use_icon_font_size=&#8221;on&#8221; open_icon_font_size=&#8221;18px&#8221; _builder_version=&#8221;4.27.4&#8243; _module_preset=&#8221;default&#8221; title_text_color=&#8221;#1C234B&#8221; title_font=&#8221;|700|||||||&#8221; title_font_size=&#8221;18px&#8221; custom_margin=&#8221;||5px||false|false&#8221; title_font_size_tablet=&#8221;18px&#8221; title_font_size_phone=&#8221;16px&#8221; title_font_size_last_edited=&#8221;on|phone&#8221; title_line_height_tablet=&#8221;&#8221; title_line_height_phone=&#8221;1.2em&#8221; title_line_height_last_edited=&#8221;on|phone&#8221; global_colors_info=&#8221;{}&#8221;]<\/p>\n<p><span style=\"font-weight: 400;\">No, they are low-pressure pumps that operate 24 hours a day without noise.<\/span><\/p>\n<p>[\/et_pb_toggle][\/et_pb_column][\/et_pb_row][\/et_pb_section]<\/p>\n","protected":false},"excerpt":{"rendered":"<p>Yes, preferably in such a way that the cover does not touch the water surface, as the surface water entry into the skimmers must be continuous. This water circulation operates 24 hours a day.Yes, but the maximum temperature should not exceed 28\u00baC.The installation cost is roughly almost double that of a traditional system, but after [&hellip;]<\/p>\n","protected":false},"author":1,"featured_media":0,"parent":0,"menu_order":0,"comment_status":"closed","ping_status":"closed","template":"","meta":{"_et_pb_use_builder":"on","_et_pb_old_content":"","_et_gb_content_width":"","inline_featured_image":false,"footnotes":""},"class_list":["post-412","page","type-page","status-publish","hentry"],"jetpack_sharing_enabled":true,"_links":{"self":[{"href":"https:\/\/www.purawatertech.com\/en\/wp-json\/wp\/v2\/pages\/412","targetHints":{"allow":["GET"]}}],"collection":[{"href":"https:\/\/www.purawatertech.com\/en\/wp-json\/wp\/v2\/pages"}],"about":[{"href":"https:\/\/www.purawatertech.com\/en\/wp-json\/wp\/v2\/types\/page"}],"author":[{"embeddable":true,"href":"https:\/\/www.purawatertech.com\/en\/wp-json\/wp\/v2\/users\/1"}],"replies":[{"embeddable":true,"href":"https:\/\/www.purawatertech.com\/en\/wp-json\/wp\/v2\/comments?post=412"}],"version-history":[{"count":7,"href":"https:\/\/www.purawatertech.com\/en\/wp-json\/wp\/v2\/pages\/412\/revisions"}],"predecessor-version":[{"id":421,"href":"https:\/\/www.purawatertech.com\/en\/wp-json\/wp\/v2\/pages\/412\/revisions\/421"}],"wp:attachment":[{"href":"https:\/\/www.purawatertech.com\/en\/wp-json\/wp\/v2\/media?parent=412"}],"curies":[{"name":"wp","href":"https:\/\/api.w.org\/{rel}","templated":true}]}}